{"id":1618,"date":"2022-10-31T05:35:06","date_gmt":"2022-10-31T04:35:06","guid":{"rendered":"https:\/\/fassgrill.com\/unsere-leistungen__trashed\/fass-bakery-cafe-valencia\/"},"modified":"2022-12-19T19:06:59","modified_gmt":"2022-12-19T18:06:59","slug":"shop-valencia","status":"publish","type":"page","link":"https:\/\/fassgrill.com\/de\/shop-valencia\/","title":{"rendered":"Bakery &#038; Caf\u00e9 Valencia"},"content":{"rendered":"\r\n<div class=\"wp-block-columns is-layout-flex wp-container-core-columns-is-layout-9d6595d7 wp-block-columns-is-layout-flex\">\r\n<div class=\"wp-block-column is-layout-flow wp-block-column-is-layout-flow\">\r\n<h3 class=\"title-border title-border-top wp-block-heading\">Fass Bakery &amp; Caf\u00e9 Valencia<\/h3>\r\n\r\n\r\n\r\n<p>Im Fass\u00a0<strong>Bakery &amp; Caf\u00e9 Valencia\u00a0<\/strong>finden Sie die feinste Auswahl unserer B\u00e4ckerei- Konditorei und Feinkost mit der Qualit\u00e4tsgarantie Fass.<\/p>\r\n\r\n\r\n\r\n<p>Probieren Sie leckere Spezialit\u00e4ten auf unserer Terrasse. Fr\u00fchst\u00fccken Sie frisch aufgebackenes Brot und Hefeteilchen, oder g\u00f6nnen Sie sich ein sch\u00f6nes herzhaftes Fr\u00fchst\u00fcck mit frisch aufgeschnittenen Wurstwaren.<\/p>\r\n\r\n\r\n\r\n<p>In unserer kleinen Filiale in Valencia finden Sie:<\/p>\r\n\r\n\r\n\r\n<p>B\u00e4ckerei<br \/>Konditorei<br \/>Feinkost<br \/>Gek\u00fchlte Frischprodukte<br \/>Saisonspezialit\u00e4ten vor allem Ostern und Weihnachten<br \/>Kleine Sitzecke und Terrasse<\/p>\r\n\r\n\r\n\r\n<p>Wir liegen 70 Meter von der deutschen Schule Valencia entfernt.<\/p>\r\n\r\n\r\n\r\n<h3 class=\"title-border title-border-top wp-block-heading\"><strong>Adresse und \u00d6ffnungszeiten<\/strong><\/h3>\r\n\r\n\r\n\r\n<ul class=\"wp-block-list\">\r\n<li><strong>Carrer del Batxiller, 10\u00a046010 Valencia<\/strong>\r\n<ul class=\"wp-block-list\">\r\n<li><strong>\u00d6ffnungszeiten<\/strong>:\r\n<ul class=\"wp-block-list\">\r\n<li>Von Montag bis Freitag durchgehend ge\u00f6ffnet von 7:45 - 21:00 Uhr<\/li>\r\n\r\n\r\n\r\n<li>Samstags, Sonntags und an Feiertagen von 9:00 bis 14.00 Uhr<\/li>\r\n\r\n\r\n\r\n<li>Am 25.12., 01.01 und 06.01. Ruhetage<\/li>\r\n<\/ul>\r\n<\/li>\r\n\r\n\r\n\r\n<li>Telefon\r\n<ul class=\"wp-block-list\">\r\n<li><strong><strong>96 101 82 36<\/strong><\/strong><\/li>\r\n<\/ul>\r\n<\/li>\r\n<\/ul>\r\n<\/li>\r\n<\/ul>\r\n<\/div>\r\n\r\n\r\n\r\n<div class=\"wp-block-column is-layout-flow wp-block-column-is-layout-flow\">\r\n<figure class=\"wp-block-image size-full is-style-default\"><img loading=\"lazy\" decoding=\"async\" class=\"alignnone wp-image-1817 size-large\" src=\"https:\/\/fassgrill.com\/wp-content\/uploads\/2022\/12\/Fachada-1-1024x545.jpg\" alt=\"\" width=\"1024\" height=\"545\" srcset=\"https:\/\/fassgrill.com\/wp-content\/uploads\/2022\/12\/Fachada-1-1024x545.jpg 1024w, https:\/\/fassgrill.com\/wp-content\/uploads\/2022\/12\/Fachada-1-300x160.jpg 300w, https:\/\/fassgrill.com\/wp-content\/uploads\/2022\/12\/Fachada-1-768x409.jpg 768w, https:\/\/fassgrill.com\/wp-content\/uploads\/2022\/12\/Fachada-1-1536x818.jpg 1536w, https:\/\/fassgrill.com\/wp-content\/uploads\/2022\/12\/Fachada-1-2048x1090.jpg 2048w, https:\/\/fassgrill.com\/wp-content\/uploads\/2022\/12\/Fachada-1-480x255.jpg 480w, https:\/\/fassgrill.com\/wp-content\/uploads\/2022\/12\/Fachada-1-902x480.jpg 902w, https:\/\/fassgrill.com\/wp-content\/uploads\/2022\/12\/Fachada-1-250x133.jpg 250w, https:\/\/fassgrill.com\/wp-content\/uploads\/2022\/12\/Fachada-1-470x250.jpg 470w, https:\/\/fassgrill.com\/wp-content\/uploads\/2022\/12\/Fachada-1-150x80.jpg 150w, https:\/\/fassgrill.com\/wp-content\/uploads\/2022\/12\/Fachada-1-605x322.jpg 605w\" sizes=\"auto, (max-width: 1024px) 100vw, 1024px\" \/><\/figure>\r\n<\/div>\r\n<\/div>\r\n\r\n\r\n\r\n<div class=\"wp-block-columns are-vertically-aligned-center is-layout-flex wp-container-core-columns-is-layout-9d6595d7 wp-block-columns-is-layout-flex\">\r\n<div class=\"wp-block-column is-vertically-aligned-center is-layout-flow wp-block-column-is-layout-flow\" style=\"flex-basis: 100%;\">\t\t<div\n            id=\"wpmapblock_cc71eea3\"\n            data-settings='{&quot;map_marker&quot;:[{&quot;lat&quot;:&quot;39.4823831&quot;,&quot;lng&quot;:&quot;-0.3630372&quot;,&quot;title&quot;:&quot;Tienda Valencia&quot;,&quot;content&quot;:&quot;\\u00bfC\\u00f3mo llegar?&quot;,&quot;iconType&quot;:&quot;custom&quot;,&quot;customIconUrl&quot;:&quot;https:\\\/\\\/fassgrill.com\\\/wp-content\\\/uploads\\\/2022\\\/11\\\/fass-favicon-min.png&quot;,&quot;customIconWidth&quot;:&quot;75&quot;,&quot;customIconHeight&quot;:&quot;71&quot;}],&quot;map_zoom&quot;:&quot;16&quot;,&quot;scroll_wheel_zoom&quot;:false,&quot;map_type&quot;:&quot;GM&quot;,&quot;center_index&quot;:0}'\n            class=\"wpmapblockrender\"\n            style=\"\n\t\t\twidth: 100%;\n\t\t\theight: 500px;\n\t\t\"\n            >\n        <\/div>\n        <\/div>\r\n<\/div>\r\n\r\n\r\n<hr class=\"wp-block-separator aligncenter has-alpha-channel-opacity is-style-dots\" \/>\r\n\r\n<style>.wp-block-kadence-advancedgallery .kb-gallery-type-masonry.kb-gallery-id-_1c8296-57{margin:-5px;}.kb-gallery-type-masonry.kb-gallery-id-_1c8296-57 .kadence-blocks-gallery-item{padding:5px;}.kb-gallery-id-_1c8296-57 .kadence-blocks-gallery-item .kb-gal-image-radius, .kb-gallery-id-_1c8296-57 .kb-slide-item .kb-gal-image-radius img{border-radius:0px 0px 0px 0px;;}<\/style>\r\n<div class=\"wp-block-kadence-advancedgallery kb-gallery-wrap-id-_1c8296-57\">\r\n<ul class=\"kb-gallery-ul kb-gallery-type-masonry kb-masonry-init kb-gallery-id-_1c8296-57 kb-gallery-caption-style-bottom-hover kb-gallery-filter-none kb-gallery-magnific-init\" data-item-selector=\".kadence-blocks-gallery-item\" data-image-filter=\"none\" data-lightbox-caption=\"true\" data-columns-xxl=\"3\" data-columns-xl=\"3\" data-columns-lg=\"3\" data-columns-md=\"2\" data-columns-sm=\"1\" data-columns-xs=\"1\">\r\n<li class=\"kadence-blocks-gallery-item\">\r\n<div class=\"kadence-blocks-gallery-item-inner\">\r\n<figure class=\"kb-gallery-figure kb-gallery-item-has-link kadence-blocks-gallery-item-hide-caption\">\r\n<div class=\"kb-gal-image-radius\" style=\"max-width: 1024px;\">\r\n<div class=\"kb-gallery-image-contain kadence-blocks-gallery-intrinsic\" style=\"padding-bottom: 75%;\"><img loading=\"lazy\" decoding=\"async\" class=\"wp-image-628\" src=\"https:\/\/fassgrill.com\/wp-content\/uploads\/2022\/10\/Global-con-mesas-1024x768-1.jpg\" alt=\"\" width=\"1024\" height=\"768\" data-full-image=\"https:\/\/fassgrill.com\/wp-content\/uploads\/2022\/10\/Global-con-mesas-1024x768-1.jpg\" data-light-image=\"https:\/\/fassgrill.com\/wp-content\/uploads\/2022\/10\/Global-con-mesas-1024x768-1.jpg\" data-id=\"628\" data-link=\"https:\/\/fassgrill.com\/global-con-mesas-1024x768\/\" data-custom-link=\"\" data-custom-link-target=\"\" data-sponsored=\"\" srcset=\"https:\/\/fassgrill.com\/wp-content\/uploads\/2022\/10\/Global-con-mesas-1024x768-1.jpg 1024w, https:\/\/fassgrill.com\/wp-content\/uploads\/2022\/10\/Global-con-mesas-1024x768-1-300x225.jpg 300w, https:\/\/fassgrill.com\/wp-content\/uploads\/2022\/10\/Global-con-mesas-1024x768-1-768x576.jpg 768w, https:\/\/fassgrill.com\/wp-content\/uploads\/2022\/10\/Global-con-mesas-1024x768-1-510x382.jpg 510w, https:\/\/fassgrill.com\/wp-content\/uploads\/2022\/10\/Global-con-mesas-1024x768-1-980x735.jpg 980w, https:\/\/fassgrill.com\/wp-content\/uploads\/2022\/10\/Global-con-mesas-1024x768-1-480x360.jpg 480w\" sizes=\"auto, (max-width: 1024px) 100vw, 1024px\" \/><\/div>\r\n<\/div>\r\n<\/figure>\r\n<\/div>\r\n<\/li>\r\n<li class=\"kadence-blocks-gallery-item\">\r\n<div class=\"kadence-blocks-gallery-item-inner\">\r\n<figure class=\"kb-gallery-figure kb-gallery-item-has-link kadence-blocks-gallery-item-hide-caption\">\r\n<div class=\"kb-gal-image-radius\" style=\"max-width: 655px;\">\r\n<div class=\"kb-gallery-image-contain kadence-blocks-gallery-intrinsic\" style=\"padding-bottom: 65.34351145038167%;\"><img loading=\"lazy\" decoding=\"async\" class=\"alignnone wp-image-1822 size-large\" src=\"https:\/\/fassgrill.com\/wp-content\/uploads\/2022\/12\/Panaderia-2-1024x683.jpg\" alt=\"\" width=\"1024\" height=\"683\" data-full-image=\"https:\/\/fassgrill.com\/wp-content\/uploads\/2022\/10\/Fachada-2-1.jpg\" data-light-image=\"https:\/\/fassgrill.com\/wp-content\/uploads\/2022\/10\/Fachada-2-1.jpg\" data-id=\"626\" data-link=\"https:\/\/fassgrill.com\/fachada-2-1\/\" data-custom-link=\"\" data-custom-link-target=\"\" data-sponsored=\"\" srcset=\"https:\/\/fassgrill.com\/wp-content\/uploads\/2022\/12\/Panaderia-2-1024x683.jpg 1024w, https:\/\/fassgrill.com\/wp-content\/uploads\/2022\/12\/Panaderia-2-300x200.jpg 300w, https:\/\/fassgrill.com\/wp-content\/uploads\/2022\/12\/Panaderia-2-768x512.jpg 768w, https:\/\/fassgrill.com\/wp-content\/uploads\/2022\/12\/Panaderia-2-1536x1024.jpg 1536w, https:\/\/fassgrill.com\/wp-content\/uploads\/2022\/12\/Panaderia-2-2048x1365.jpg 2048w, https:\/\/fassgrill.com\/wp-content\/uploads\/2022\/12\/Panaderia-2-480x320.jpg 480w, https:\/\/fassgrill.com\/wp-content\/uploads\/2022\/12\/Panaderia-2-720x480.jpg 720w, https:\/\/fassgrill.com\/wp-content\/uploads\/2022\/12\/Panaderia-2-250x167.jpg 250w, https:\/\/fassgrill.com\/wp-content\/uploads\/2022\/12\/Panaderia-2-375x250.jpg 375w, https:\/\/fassgrill.com\/wp-content\/uploads\/2022\/12\/Panaderia-2-150x100.jpg 150w, https:\/\/fassgrill.com\/wp-content\/uploads\/2022\/12\/Panaderia-2-605x403.jpg 605w\" sizes=\"auto, (max-width: 1024px) 100vw, 1024px\" \/><\/div>\r\n<\/div>\r\n<\/figure>\r\n<\/div>\r\n<\/li>\r\n<li class=\"kadence-blocks-gallery-item\">\r\n<div class=\"kadence-blocks-gallery-item-inner\">\r\n<figure class=\"kb-gallery-figure kb-gallery-item-has-link kadence-blocks-gallery-item-hide-caption\">\r\n<div class=\"kb-gal-image-radius\" style=\"max-width: 1024px;\">\r\n<div class=\"kb-gallery-image-contain kadence-blocks-gallery-intrinsic\" style=\"padding-bottom: 75%;\"><img loading=\"lazy\" decoding=\"async\" class=\"wp-image-624\" src=\"https:\/\/fassgrill.com\/wp-content\/uploads\/2022\/10\/Chacru-OK-2-1024x768-1.jpg\" alt=\"\" width=\"1024\" height=\"768\" data-full-image=\"https:\/\/fassgrill.com\/wp-content\/uploads\/2022\/10\/Chacru-OK-2-1024x768-1.jpg\" data-light-image=\"https:\/\/fassgrill.com\/wp-content\/uploads\/2022\/10\/Chacru-OK-2-1024x768-1.jpg\" data-id=\"624\" data-link=\"https:\/\/fassgrill.com\/chacru-ok-2-1024x768\/\" data-custom-link=\"\" data-custom-link-target=\"\" data-sponsored=\"\" srcset=\"https:\/\/fassgrill.com\/wp-content\/uploads\/2022\/10\/Chacru-OK-2-1024x768-1.jpg 1024w, https:\/\/fassgrill.com\/wp-content\/uploads\/2022\/10\/Chacru-OK-2-1024x768-1-300x225.jpg 300w, https:\/\/fassgrill.com\/wp-content\/uploads\/2022\/10\/Chacru-OK-2-1024x768-1-768x576.jpg 768w, https:\/\/fassgrill.com\/wp-content\/uploads\/2022\/10\/Chacru-OK-2-1024x768-1-510x382.jpg 510w, https:\/\/fassgrill.com\/wp-content\/uploads\/2022\/10\/Chacru-OK-2-1024x768-1-980x735.jpg 980w, https:\/\/fassgrill.com\/wp-content\/uploads\/2022\/10\/Chacru-OK-2-1024x768-1-480x360.jpg 480w\" sizes=\"auto, (max-width: 1024px) 100vw, 1024px\" \/><\/div>\r\n<\/div>\r\n<\/figure>\r\n<\/div>\r\n<\/li>\r\n<\/ul>\r\n<\/div>\r\n\r\n\r\n\r\n<div class=\"wp-block-columns is-layout-flex wp-container-core-columns-is-layout-9d6595d7 wp-block-columns-is-layout-flex\">\r\n<div class=\"wp-block-column is-layout-flow wp-block-column-is-layout-flow\">\u00a0<\/div>\r\n<\/div>\r\n","protected":false},"excerpt":{"rendered":"<p>Fass Bakery &amp; Caf\u00e9 Valencia Im Fass\u00a0Bakery &amp; Caf\u00e9 Valencia\u00a0finden Sie die feinste Auswahl unserer B\u00e4ckerei- Konditorei und Feinkost mit der Qualit\u00e4tsgarantie Fass. Probieren Sie leckere Spezialit\u00e4ten auf unserer Terrasse. Fr\u00fchst\u00fccken Sie frisch aufgebackenes Brot und Hefeteilchen, oder g\u00f6nnen Sie sich ein sch\u00f6nes herzhaftes Fr\u00fchst\u00fcck mit frisch aufgeschnittenen Wurstwaren. In unserer kleinen Filiale in Valencia &hellip; <\/p>\n<p class=\"link-more\"><a href=\"https:\/\/fassgrill.com\/de\/shop-valencia\/\" class=\"more-link\"><span class=\"screen-reader-text\"> prova \"Bakery &#038; Caf\u00e9 Valencia\"<\/span><\/a><\/p>\n","protected":false},"author":1,"featured_media":1582,"parent":0,"menu_order":0,"comment_status":"closed","ping_status":"closed","template":"","meta":{"footnotes":""},"class_list":["post-1618","page","type-page","status-publish","has-post-thumbnail","hentry"],"aioseo_notices":[],"_links":{"self":[{"href":"https:\/\/fassgrill.com\/de\/wp-json\/wp\/v2\/pages\/1618","targetHints":{"allow":["GET"]}}],"collection":[{"href":"https:\/\/fassgrill.com\/de\/wp-json\/wp\/v2\/pages"}],"about":[{"href":"https:\/\/fassgrill.com\/de\/wp-json\/wp\/v2\/types\/page"}],"author":[{"embeddable":true,"href":"https:\/\/fassgrill.com\/de\/wp-json\/wp\/v2\/users\/1"}],"replies":[{"embeddable":true,"href":"https:\/\/fassgrill.com\/de\/wp-json\/wp\/v2\/comments?post=1618"}],"version-history":[{"count":8,"href":"https:\/\/fassgrill.com\/de\/wp-json\/wp\/v2\/pages\/1618\/revisions"}],"predecessor-version":[{"id":1824,"href":"https:\/\/fassgrill.com\/de\/wp-json\/wp\/v2\/pages\/1618\/revisions\/1824"}],"wp:featuredmedia":[{"embeddable":true,"href":"https:\/\/fassgrill.com\/de\/wp-json\/wp\/v2\/media\/1582"}],"wp:attachment":[{"href":"https:\/\/fassgrill.com\/de\/wp-json\/wp\/v2\/media?parent=1618"}],"curies":[{"name":"wp","href":"https:\/\/api.w.org\/{rel}","templated":true}]}}