{"id":1615,"date":"2022-10-31T05:35:33","date_gmt":"2022-10-31T04:35:33","guid":{"rendered":"https:\/\/fassgrill.com\/unsere-leistungen__trashed\/fiestas-de-la-cerveza\/"},"modified":"2026-04-25T10:25:47","modified_gmt":"2026-04-25T08:25:47","slug":"oktoberfest","status":"publish","type":"page","link":"https:\/\/fassgrill.com\/de\/oktoberfest\/","title":{"rendered":"Oktoberfest"},"content":{"rendered":"\r\n<div class=\"wp-block-columns is-layout-flex wp-container-core-columns-is-layout-9d6595d7 wp-block-columns-is-layout-flex\">\r\n<div class=\"wp-block-column is-layout-flow wp-block-column-is-layout-flow\">\r\n<h3 class=\"title-border title-border-top wp-block-heading\"><strong>\u00abOKTOBERFEST\u00bb<\/strong><\/h3>\r\n\r\n\r\n\r\n<p>n einer v\u00f6llig entspannten Atmosph\u00e4re haben Sie die M\u00f6glichkeit, Ihre Kollegen oder Kunden aus einer ganz neuen Perspektive kennenzulernen und sich ihnen zugleich von Ihrer pers\u00f6nlichen und authentischen Seite zu pr\u00e4sentieren.<\/p>\r\n<\/div>\r\n\r\n\r\n\r\n<div class=\"wp-block-column is-layout-flow wp-block-column-is-layout-flow\">\r\n<figure class=\"wp-block-embed is-type-video is-provider-youtube wp-block-embed-youtube wp-embed-aspect-16-9 wp-has-aspect-ratio\">\r\n<div class=\"wp-block-embed__wrapper\" style=\"position:relative; padding-bottom:56.25%; height:0; overflow:hidden;\">\r\n  <iframe\r\n    style=\"position:absolute; top:0; left:0; width:100%; height:100%;\"\r\n    src=\"https:\/\/www.youtube.com\/embed\/Oiu1L0leA-Y\"\r\n    title=\"Oktoberfest Fass\"\r\n    frameborder=\"0\"\r\n    allow=\"accelerometer; autoplay; clipboard-write; encrypted-media; gyroscope; picture-in-picture\"\r\n    allowfullscreen>\r\n  <\/iframe>\r\n<\/div>\r\n<\/figure>\r\n<\/div>\r\n<\/div>\r\n<p data-start=\"231\" data-end=\"523\">An traditionellen B\u00e4nken und Tischen im Stil des M\u00fcnchner Oktoberfests k\u00f6nnen Sie und Ihre G\u00e4ste ganz ungezwungen von Tisch zu Tisch gehen, w\u00e4hrend Sie ein erfrischendes Bier mit Brezel genie\u00dfen, Bratw\u00fcrste vom Grill mit echten R\u00f6sti-Kartoffeln probieren oder das ber\u00fchmte Fass-Haxn kosten.<\/p>\r\n<p data-start=\"525\" data-end=\"1091\">Unsere Angebote f\u00fcr diese Art von informeller Veranstaltung reichen von einem preisg\u00fcnstigen Bierfest \u2014 mit deutschem Bier, W\u00fcrstchen und Kartoffelsalat \u2014 bis hin zur Organisation eines echten Mini-Oktoberfests in Ihrem Unternehmen oder bei Ihnen zu Hause. Dazu geh\u00f6ren unter anderem die Buchung einer deutschen Folklore-Musikgruppe, die thematische Dekoration des Festzelts, der Aufbau traditioneller St\u00e4nde sowie das Servieren von knusprig gebratener Schweinshaxe. Eine ideale Wahl f\u00fcr besondere Anl\u00e4sse, die Ihren G\u00e4sten noch lange in Erinnerung bleiben werden.<\/p>\r\n<p data-start=\"1093\" data-end=\"1330\">Wir sind in der gesamten Iberischen Halbinsel t\u00e4tig und verf\u00fcgen \u00fcber umfangreiche Erfahrung in der Organisation von Firmenevents in St\u00e4dten wie Valencia, Barcelona, Zaragoza, Sevilla, San Sebasti\u00e1n, Granada, Soria und vielen weiteren.<\/p>\r\n<p>Einen ungef\u00e4hren \u00dcberblick \u00fcber unsere Leistungen und Preisrahmen erhalten Sie anhand der zwei hier <a href=\"https:\/\/fassgrill.com\/wp-content\/uploads\/2026\/04\/cateringde.pdf\">verf\u00fcgbaren Standardangebote (Seiten 6 und 7 - Preise g\u00fcltig fur Madrid).<\/a><\/p>\r\n<h3><a href=\"https:\/\/fassgrill.com\/de\/kontakt\/\"><strong>Kontaktieren Sie uns !<\/strong><\/a><\/h3>\r\n\r\n\r\n\r\n<p>&nbsp;<\/p>\r\n\r\n\r\n<style>.wp-block-kadence-advancedgallery .kb-gallery-type-masonry.kb-gallery-id-_d6b071-a6{margin:-5px;}.kb-gallery-type-masonry.kb-gallery-id-_d6b071-a6 .kadence-blocks-gallery-item{padding:5px;}.kb-gallery-id-_d6b071-a6 .kadence-blocks-gallery-item .kb-gal-image-radius, .kb-gallery-id-_d6b071-a6 .kb-slide-item .kb-gal-image-radius img{border-radius:0px 0px 0px 0px;;}<\/style>\r\n<div class=\"wp-block-kadence-advancedgallery kb-gallery-wrap-id-_d6b071-a6\">\r\n<ul class=\"kb-gallery-ul kb-gallery-type-masonry kb-masonry-init kb-gallery-id-_d6b071-a6 kb-gallery-caption-style-bottom-hover kb-gallery-filter-none kb-gallery-magnific-init\" data-item-selector=\".kadence-blocks-gallery-item\" data-image-filter=\"none\" data-lightbox-caption=\"true\" data-columns-xxl=\"3\" data-columns-xl=\"3\" data-columns-lg=\"3\" data-columns-md=\"2\" data-columns-sm=\"1\" data-columns-xs=\"1\">\r\n<li class=\"kadence-blocks-gallery-item\">\r\n<div class=\"kadence-blocks-gallery-item-inner\">\r\n<figure class=\"kb-gallery-figure kb-gallery-item-has-link kadence-blocks-gallery-item-hide-caption\">\r\n<div class=\"kb-gal-image-radius\" style=\"max-width: 640px;\">\r\n<div class=\"kb-gallery-image-contain kadence-blocks-gallery-intrinsic\" style=\"padding-bottom: 75%;\"><img loading=\"lazy\" decoding=\"async\" class=\"wp-image-660\" src=\"https:\/\/fassgrill.com\/wp-content\/uploads\/2022\/10\/Solo-mesas-Playa-de-la-Concha-Ayuntamiento-San-Sebastian.jpg\" alt=\"\" width=\"640\" height=\"480\" data-full-image=\"https:\/\/fassgrill.com\/wp-content\/uploads\/2022\/10\/Solo-mesas-Playa-de-la-Concha-Ayuntamiento-San-Sebastian.jpg\" data-light-image=\"https:\/\/fassgrill.com\/wp-content\/uploads\/2022\/10\/Solo-mesas-Playa-de-la-Concha-Ayuntamiento-San-Sebastian.jpg\" data-id=\"660\" data-link=\"https:\/\/fassgrill.com\/solo-mesas-playa-de-la-concha-ayuntamiento-san-sebastian\/\" data-custom-link=\"\" data-custom-link-target=\"\" data-sponsored=\"\" srcset=\"https:\/\/fassgrill.com\/wp-content\/uploads\/2022\/10\/Solo-mesas-Playa-de-la-Concha-Ayuntamiento-San-Sebastian.jpg 640w, https:\/\/fassgrill.com\/wp-content\/uploads\/2022\/10\/Solo-mesas-Playa-de-la-Concha-Ayuntamiento-San-Sebastian-300x225.jpg 300w, https:\/\/fassgrill.com\/wp-content\/uploads\/2022\/10\/Solo-mesas-Playa-de-la-Concha-Ayuntamiento-San-Sebastian-510x382.jpg 510w, https:\/\/fassgrill.com\/wp-content\/uploads\/2022\/10\/Solo-mesas-Playa-de-la-Concha-Ayuntamiento-San-Sebastian-480x360.jpg 480w\" sizes=\"auto, (max-width: 640px) 100vw, 640px\" \/><\/div>\r\n<\/div>\r\n<\/figure>\r\n<\/div>\r\n<\/li>\r\n<li class=\"kadence-blocks-gallery-item\">\r\n<div class=\"kadence-blocks-gallery-item-inner\">\r\n<figure class=\"kb-gallery-figure kb-gallery-item-has-link kadence-blocks-gallery-item-hide-caption\">\r\n<div class=\"kb-gal-image-radius\" style=\"max-width: 656px;\">\r\n<div class=\"kb-gallery-image-contain kadence-blocks-gallery-intrinsic\" style=\"padding-bottom: 75%;\"><img loading=\"lazy\" decoding=\"async\" class=\"wp-image-658\" src=\"https:\/\/fassgrill.com\/wp-content\/uploads\/2022\/10\/Salchichas-Barbacoa-pequena.jpg\" alt=\"\" width=\"656\" height=\"492\" data-full-image=\"https:\/\/fassgrill.com\/wp-content\/uploads\/2022\/10\/Salchichas-Barbacoa-pequena.jpg\" data-light-image=\"https:\/\/fassgrill.com\/wp-content\/uploads\/2022\/10\/Salchichas-Barbacoa-pequena.jpg\" data-id=\"658\" data-link=\"https:\/\/fassgrill.com\/salchichas-barbacoa-pequena\/\" data-custom-link=\"\" data-custom-link-target=\"\" data-sponsored=\"\" srcset=\"https:\/\/fassgrill.com\/wp-content\/uploads\/2022\/10\/Salchichas-Barbacoa-pequena.jpg 656w, https:\/\/fassgrill.com\/wp-content\/uploads\/2022\/10\/Salchichas-Barbacoa-pequena-300x225.jpg 300w, https:\/\/fassgrill.com\/wp-content\/uploads\/2022\/10\/Salchichas-Barbacoa-pequena-510x382.jpg 510w, https:\/\/fassgrill.com\/wp-content\/uploads\/2022\/10\/Salchichas-Barbacoa-pequena-480x360.jpg 480w\" sizes=\"auto, (max-width: 656px) 100vw, 656px\" \/><\/div>\r\n<\/div>\r\n<\/figure>\r\n<\/div>\r\n<\/li>\r\n<li class=\"kadence-blocks-gallery-item\">\r\n<div class=\"kadence-blocks-gallery-item-inner\">\r\n<figure class=\"kb-gallery-figure kb-gallery-item-has-link kadence-blocks-gallery-item-hide-caption\">\r\n<div class=\"kb-gal-image-radius\" style=\"max-width: 656px;\">\r\n<div class=\"kb-gallery-image-contain kadence-blocks-gallery-intrinsic\" style=\"padding-bottom: 75%;\"><img loading=\"lazy\" decoding=\"async\" class=\"wp-image-656\" src=\"https:\/\/fassgrill.com\/wp-content\/uploads\/2022\/10\/Promocion-Deco-Krombacher.jpg\" alt=\"\" width=\"656\" height=\"492\" data-full-image=\"https:\/\/fassgrill.com\/wp-content\/uploads\/2022\/10\/Promocion-Deco-Krombacher.jpg\" data-light-image=\"https:\/\/fassgrill.com\/wp-content\/uploads\/2022\/10\/Promocion-Deco-Krombacher.jpg\" data-id=\"656\" data-link=\"https:\/\/fassgrill.com\/promocion-deco-krombacher\/\" data-custom-link=\"\" data-custom-link-target=\"\" data-sponsored=\"\" srcset=\"https:\/\/fassgrill.com\/wp-content\/uploads\/2022\/10\/Promocion-Deco-Krombacher.jpg 656w, https:\/\/fassgrill.com\/wp-content\/uploads\/2022\/10\/Promocion-Deco-Krombacher-300x225.jpg 300w, https:\/\/fassgrill.com\/wp-content\/uploads\/2022\/10\/Promocion-Deco-Krombacher-510x382.jpg 510w, https:\/\/fassgrill.com\/wp-content\/uploads\/2022\/10\/Promocion-Deco-Krombacher-480x360.jpg 480w\" sizes=\"auto, (max-width: 656px) 100vw, 656px\" \/><\/div>\r\n<\/div>\r\n<\/figure>\r\n<\/div>\r\n<\/li>\r\n<li class=\"kadence-blocks-gallery-item\">\r\n<div class=\"kadence-blocks-gallery-item-inner\">\r\n<figure class=\"kb-gallery-figure kb-gallery-item-has-link kadence-blocks-gallery-item-hide-caption\">\r\n<div class=\"kb-gal-image-radius\" style=\"max-width: 656px;\">\r\n<div class=\"kb-gallery-image-contain kadence-blocks-gallery-intrinsic\" style=\"padding-bottom: 75%;\"><img loading=\"lazy\" decoding=\"async\" class=\"wp-image-654\" src=\"https:\/\/fassgrill.com\/wp-content\/uploads\/2022\/10\/Portada-Pequena.jpg\" alt=\"\" width=\"656\" height=\"492\" data-full-image=\"https:\/\/fassgrill.com\/wp-content\/uploads\/2022\/10\/Portada-Pequena.jpg\" data-light-image=\"https:\/\/fassgrill.com\/wp-content\/uploads\/2022\/10\/Portada-Pequena.jpg\" data-id=\"654\" data-link=\"https:\/\/fassgrill.com\/portada-pequena\/\" data-custom-link=\"\" data-custom-link-target=\"\" data-sponsored=\"\" srcset=\"https:\/\/fassgrill.com\/wp-content\/uploads\/2022\/10\/Portada-Pequena.jpg 656w, https:\/\/fassgrill.com\/wp-content\/uploads\/2022\/10\/Portada-Pequena-300x225.jpg 300w, https:\/\/fassgrill.com\/wp-content\/uploads\/2022\/10\/Portada-Pequena-510x382.jpg 510w, https:\/\/fassgrill.com\/wp-content\/uploads\/2022\/10\/Portada-Pequena-480x360.jpg 480w\" sizes=\"auto, (max-width: 656px) 100vw, 656px\" \/><\/div>\r\n<\/div>\r\n<\/figure>\r\n<\/div>\r\n<\/li>\r\n<li class=\"kadence-blocks-gallery-item\">\r\n<div class=\"kadence-blocks-gallery-item-inner\">\r\n<figure class=\"kb-gallery-figure kb-gallery-item-has-link kadence-blocks-gallery-item-hide-caption\">\r\n<div class=\"kb-gal-image-radius\" style=\"max-width: 656px;\">\r\n<div class=\"kb-gallery-image-contain kadence-blocks-gallery-intrinsic\" style=\"padding-bottom: 75%;\"><img loading=\"lazy\" decoding=\"async\" class=\"wp-image-652\" src=\"https:\/\/fassgrill.com\/wp-content\/uploads\/2022\/10\/Jamon-Asado-2-Silueteado-pequeno.jpg\" alt=\"\" width=\"656\" height=\"492\" data-full-image=\"https:\/\/fassgrill.com\/wp-content\/uploads\/2022\/10\/Jamon-Asado-2-Silueteado-pequeno.jpg\" data-light-image=\"https:\/\/fassgrill.com\/wp-content\/uploads\/2022\/10\/Jamon-Asado-2-Silueteado-pequeno.jpg\" data-id=\"652\" data-link=\"https:\/\/fassgrill.com\/jamon-asado-2-silueteado-pequeno\/\" data-custom-link=\"\" data-custom-link-target=\"\" data-sponsored=\"\" srcset=\"https:\/\/fassgrill.com\/wp-content\/uploads\/2022\/10\/Jamon-Asado-2-Silueteado-pequeno.jpg 656w, https:\/\/fassgrill.com\/wp-content\/uploads\/2022\/10\/Jamon-Asado-2-Silueteado-pequeno-300x225.jpg 300w, https:\/\/fassgrill.com\/wp-content\/uploads\/2022\/10\/Jamon-Asado-2-Silueteado-pequeno-510x382.jpg 510w, https:\/\/fassgrill.com\/wp-content\/uploads\/2022\/10\/Jamon-Asado-2-Silueteado-pequeno-480x360.jpg 480w\" sizes=\"auto, (max-width: 656px) 100vw, 656px\" \/><\/div>\r\n<\/div>\r\n<\/figure>\r\n<\/div>\r\n<\/li>\r\n<li class=\"kadence-blocks-gallery-item\">\r\n<div class=\"kadence-blocks-gallery-item-inner\">\r\n<figure class=\"kb-gallery-figure kb-gallery-item-has-link kadence-blocks-gallery-item-hide-caption\">\r\n<div class=\"kb-gal-image-radius\" style=\"max-width: 656px;\">\r\n<div class=\"kb-gallery-image-contain kadence-blocks-gallery-intrinsic\" style=\"padding-bottom: 75%;\"><img loading=\"lazy\" decoding=\"async\" class=\"wp-image-650\" src=\"https:\/\/fassgrill.com\/wp-content\/uploads\/2022\/10\/Imagen-con-Kioscos.jpg\" alt=\"\" width=\"656\" height=\"492\" data-full-image=\"https:\/\/fassgrill.com\/wp-content\/uploads\/2022\/10\/Imagen-con-Kioscos.jpg\" data-light-image=\"https:\/\/fassgrill.com\/wp-content\/uploads\/2022\/10\/Imagen-con-Kioscos.jpg\" data-id=\"650\" data-link=\"https:\/\/fassgrill.com\/imagen-con-kioscos\/\" data-custom-link=\"\" data-custom-link-target=\"\" data-sponsored=\"\" srcset=\"https:\/\/fassgrill.com\/wp-content\/uploads\/2022\/10\/Imagen-con-Kioscos.jpg 656w, https:\/\/fassgrill.com\/wp-content\/uploads\/2022\/10\/Imagen-con-Kioscos-300x225.jpg 300w, https:\/\/fassgrill.com\/wp-content\/uploads\/2022\/10\/Imagen-con-Kioscos-510x382.jpg 510w, https:\/\/fassgrill.com\/wp-content\/uploads\/2022\/10\/Imagen-con-Kioscos-480x360.jpg 480w\" sizes=\"auto, (max-width: 656px) 100vw, 656px\" \/><\/div>\r\n<\/div>\r\n<\/figure>\r\n<\/div>\r\n<\/li>\r\n<li class=\"kadence-blocks-gallery-item\">\r\n<div class=\"kadence-blocks-gallery-item-inner\">\r\n<figure class=\"kb-gallery-figure kb-gallery-item-has-link kadence-blocks-gallery-item-hide-caption\">\r\n<div class=\"kb-gal-image-radius\" style=\"max-width: 656px;\">\r\n<div class=\"kb-gallery-image-contain kadence-blocks-gallery-intrinsic\" style=\"padding-bottom: 75%;\"><img loading=\"lazy\" decoding=\"async\" class=\"wp-image-648\" src=\"https:\/\/fassgrill.com\/wp-content\/uploads\/2022\/10\/Gente-y-Cocina.jpg\" alt=\"\" width=\"656\" height=\"492\" data-full-image=\"https:\/\/fassgrill.com\/wp-content\/uploads\/2022\/10\/Gente-y-Cocina.jpg\" data-light-image=\"https:\/\/fassgrill.com\/wp-content\/uploads\/2022\/10\/Gente-y-Cocina.jpg\" data-id=\"648\" data-link=\"https:\/\/fassgrill.com\/gente-y-cocina\/\" data-custom-link=\"\" data-custom-link-target=\"\" data-sponsored=\"\" srcset=\"https:\/\/fassgrill.com\/wp-content\/uploads\/2022\/10\/Gente-y-Cocina.jpg 656w, https:\/\/fassgrill.com\/wp-content\/uploads\/2022\/10\/Gente-y-Cocina-300x225.jpg 300w, https:\/\/fassgrill.com\/wp-content\/uploads\/2022\/10\/Gente-y-Cocina-510x382.jpg 510w, https:\/\/fassgrill.com\/wp-content\/uploads\/2022\/10\/Gente-y-Cocina-480x360.jpg 480w\" sizes=\"auto, (max-width: 656px) 100vw, 656px\" \/><\/div>\r\n<\/div>\r\n<\/figure>\r\n<\/div>\r\n<\/li>\r\n<li class=\"kadence-blocks-gallery-item\">\r\n<div class=\"kadence-blocks-gallery-item-inner\">\r\n<figure class=\"kb-gallery-figure kb-gallery-item-has-link kadence-blocks-gallery-item-hide-caption\">\r\n<div class=\"kb-gal-image-radius\" style=\"max-width: 656px;\">\r\n<div class=\"kb-gallery-image-contain kadence-blocks-gallery-intrinsic\" style=\"padding-bottom: 75%;\"><img loading=\"lazy\" decoding=\"async\" class=\"wp-image-646\" src=\"https:\/\/fassgrill.com\/wp-content\/uploads\/2022\/10\/Fiesta-Barcelona.jpg\" alt=\"\" width=\"656\" height=\"492\" data-full-image=\"https:\/\/fassgrill.com\/wp-content\/uploads\/2022\/10\/Fiesta-Barcelona.jpg\" data-light-image=\"https:\/\/fassgrill.com\/wp-content\/uploads\/2022\/10\/Fiesta-Barcelona.jpg\" data-id=\"646\" data-link=\"https:\/\/fassgrill.com\/fiesta-barcelona\/\" data-custom-link=\"\" data-custom-link-target=\"\" data-sponsored=\"\" srcset=\"https:\/\/fassgrill.com\/wp-content\/uploads\/2022\/10\/Fiesta-Barcelona.jpg 656w, https:\/\/fassgrill.com\/wp-content\/uploads\/2022\/10\/Fiesta-Barcelona-300x225.jpg 300w, https:\/\/fassgrill.com\/wp-content\/uploads\/2022\/10\/Fiesta-Barcelona-510x382.jpg 510w, https:\/\/fassgrill.com\/wp-content\/uploads\/2022\/10\/Fiesta-Barcelona-480x360.jpg 480w\" sizes=\"auto, (max-width: 656px) 100vw, 656px\" \/><\/div>\r\n<\/div>\r\n<\/figure>\r\n<\/div>\r\n<\/li>\r\n<li class=\"kadence-blocks-gallery-item\">\r\n<div class=\"kadence-blocks-gallery-item-inner\">\r\n<figure class=\"kb-gallery-figure kb-gallery-item-has-link kadence-blocks-gallery-item-hide-caption\">\r\n<div class=\"kb-gal-image-radius\" style=\"max-width: 467px;\">\r\n<div class=\"kb-gallery-image-contain kadence-blocks-gallery-intrinsic\" style=\"padding-bottom: 105.78158458244111%;\"><img loading=\"lazy\" decoding=\"async\" class=\"wp-image-644\" src=\"https:\/\/fassgrill.com\/wp-content\/uploads\/2022\/10\/Evento3.jpg\" alt=\"\" width=\"467\" height=\"494\" data-full-image=\"https:\/\/fassgrill.com\/wp-content\/uploads\/2022\/10\/Evento3.jpg\" data-light-image=\"https:\/\/fassgrill.com\/wp-content\/uploads\/2022\/10\/Evento3.jpg\" data-id=\"644\" data-link=\"https:\/\/fassgrill.com\/evento3\/\" data-custom-link=\"\" data-custom-link-target=\"\" data-sponsored=\"\" srcset=\"https:\/\/fassgrill.com\/wp-content\/uploads\/2022\/10\/Evento3.jpg 467w, https:\/\/fassgrill.com\/wp-content\/uploads\/2022\/10\/Evento3-284x300.jpg 284w\" sizes=\"auto, (max-width: 467px) 100vw, 467px\" \/><\/div>\r\n<\/div>\r\n<\/figure>\r\n<\/div>\r\n<\/li>\r\n<li class=\"kadence-blocks-gallery-item\">\r\n<div class=\"kadence-blocks-gallery-item-inner\">\r\n<figure class=\"kb-gallery-figure kb-gallery-item-has-link kadence-blocks-gallery-item-hide-caption\">\r\n<div class=\"kb-gal-image-radius\" style=\"max-width: 656px;\">\r\n<div class=\"kb-gallery-image-contain kadence-blocks-gallery-intrinsic\" style=\"padding-bottom: 75%;\"><img loading=\"lazy\" decoding=\"async\" class=\"wp-image-642\" src=\"https:\/\/fassgrill.com\/wp-content\/uploads\/2022\/10\/Ejemplo-Montaje-Nave.jpg\" alt=\"\" width=\"656\" height=\"492\" data-full-image=\"https:\/\/fassgrill.com\/wp-content\/uploads\/2022\/10\/Ejemplo-Montaje-Nave.jpg\" data-light-image=\"https:\/\/fassgrill.com\/wp-content\/uploads\/2022\/10\/Ejemplo-Montaje-Nave.jpg\" data-id=\"642\" data-link=\"https:\/\/fassgrill.com\/ejemplo-montaje-nave\/\" data-custom-link=\"\" data-custom-link-target=\"\" data-sponsored=\"\" srcset=\"https:\/\/fassgrill.com\/wp-content\/uploads\/2022\/10\/Ejemplo-Montaje-Nave.jpg 656w, https:\/\/fassgrill.com\/wp-content\/uploads\/2022\/10\/Ejemplo-Montaje-Nave-300x225.jpg 300w, https:\/\/fassgrill.com\/wp-content\/uploads\/2022\/10\/Ejemplo-Montaje-Nave-510x382.jpg 510w, https:\/\/fassgrill.com\/wp-content\/uploads\/2022\/10\/Ejemplo-Montaje-Nave-480x360.jpg 480w\" sizes=\"auto, (max-width: 656px) 100vw, 656px\" \/><\/div>\r\n<\/div>\r\n<\/figure>\r\n<\/div>\r\n<\/li>\r\n<li class=\"kadence-blocks-gallery-item\">\r\n<div class=\"kadence-blocks-gallery-item-inner\">\r\n<figure class=\"kb-gallery-figure kb-gallery-item-has-link kadence-blocks-gallery-item-hide-caption\">\r\n<div class=\"kb-gal-image-radius\" style=\"max-width: 640px;\">\r\n<div class=\"kb-gallery-image-contain kadence-blocks-gallery-intrinsic\" style=\"padding-bottom: 75%;\"><img loading=\"lazy\" decoding=\"async\" class=\"wp-image-640\" src=\"https:\/\/fassgrill.com\/wp-content\/uploads\/2022\/10\/Cullera.jpg\" alt=\"\" width=\"640\" height=\"480\" data-full-image=\"https:\/\/fassgrill.com\/wp-content\/uploads\/2022\/10\/Cullera.jpg\" data-light-image=\"https:\/\/fassgrill.com\/wp-content\/uploads\/2022\/10\/Cullera.jpg\" data-id=\"640\" data-link=\"https:\/\/fassgrill.com\/cullera\/\" data-custom-link=\"\" data-custom-link-target=\"\" data-sponsored=\"\" srcset=\"https:\/\/fassgrill.com\/wp-content\/uploads\/2022\/10\/Cullera.jpg 640w, https:\/\/fassgrill.com\/wp-content\/uploads\/2022\/10\/Cullera-300x225.jpg 300w, https:\/\/fassgrill.com\/wp-content\/uploads\/2022\/10\/Cullera-510x382.jpg 510w, https:\/\/fassgrill.com\/wp-content\/uploads\/2022\/10\/Cullera-480x360.jpg 480w\" sizes=\"auto, (max-width: 640px) 100vw, 640px\" \/><\/div>\r\n<\/div>\r\n<\/figure>\r\n<\/div>\r\n<\/li>\r\n<li class=\"kadence-blocks-gallery-item\">\r\n<div class=\"kadence-blocks-gallery-item-inner\">\r\n<figure class=\"kb-gallery-figure kb-gallery-item-has-link kadence-blocks-gallery-item-hide-caption\">\r\n<div class=\"kb-gal-image-radius\" style=\"max-width: 512px;\">\r\n<div class=\"kb-gallery-image-contain kadence-blocks-gallery-intrinsic\" style=\"padding-bottom: 75%;\"><img loading=\"lazy\" decoding=\"async\" class=\"wp-image-638\" src=\"https:\/\/fassgrill.com\/wp-content\/uploads\/2022\/10\/Caseta-Alemana.jpg\" alt=\"\" width=\"512\" height=\"384\" data-full-image=\"https:\/\/fassgrill.com\/wp-content\/uploads\/2022\/10\/Caseta-Alemana.jpg\" data-light-image=\"https:\/\/fassgrill.com\/wp-content\/uploads\/2022\/10\/Caseta-Alemana.jpg\" data-id=\"638\" data-link=\"https:\/\/fassgrill.com\/caseta-alemana\/\" data-custom-link=\"\" data-custom-link-target=\"\" data-sponsored=\"\" srcset=\"https:\/\/fassgrill.com\/wp-content\/uploads\/2022\/10\/Caseta-Alemana.jpg 512w, https:\/\/fassgrill.com\/wp-content\/uploads\/2022\/10\/Caseta-Alemana-300x225.jpg 300w, https:\/\/fassgrill.com\/wp-content\/uploads\/2022\/10\/Caseta-Alemana-510x382.jpg 510w, https:\/\/fassgrill.com\/wp-content\/uploads\/2022\/10\/Caseta-Alemana-480x360.jpg 480w\" sizes=\"auto, (max-width: 512px) 100vw, 512px\" \/><\/div>\r\n<\/div>\r\n<\/figure>\r\n<\/div>\r\n<\/li>\r\n<\/ul>\r\n<\/div>\r\n\r\n\r\n\r\n<div class=\"wp-block-columns is-layout-flex wp-container-core-columns-is-layout-9d6595d7 wp-block-columns-is-layout-flex\">\r\n<div class=\"wp-block-column is-layout-flow wp-block-column-is-layout-flow\">\u00a0<\/div>\r\n<\/div>\r\n","protected":false},"excerpt":{"rendered":"<p>\u00abOKTOBERFEST\u00bb n einer v\u00f6llig entspannten Atmosph\u00e4re haben Sie die M\u00f6glichkeit, Ihre Kollegen oder Kunden aus einer ganz neuen Perspektive kennenzulernen und sich ihnen zugleich von Ihrer pers\u00f6nlichen und authentischen Seite zu pr\u00e4sentieren. &nbsp; \u00a0<\/p>\n","protected":false},"author":1,"featured_media":1592,"parent":0,"menu_order":0,"comment_status":"closed","ping_status":"closed","template":"","meta":{"footnotes":""},"class_list":["post-1615","page","type-page","status-publish","has-post-thumbnail","hentry"],"aioseo_notices":[],"_links":{"self":[{"href":"https:\/\/fassgrill.com\/de\/wp-json\/wp\/v2\/pages\/1615","targetHints":{"allow":["GET"]}}],"collection":[{"href":"https:\/\/fassgrill.com\/de\/wp-json\/wp\/v2\/pages"}],"about":[{"href":"https:\/\/fassgrill.com\/de\/wp-json\/wp\/v2\/types\/page"}],"author":[{"embeddable":true,"href":"https:\/\/fassgrill.com\/de\/wp-json\/wp\/v2\/users\/1"}],"replies":[{"embeddable":true,"href":"https:\/\/fassgrill.com\/de\/wp-json\/wp\/v2\/comments?post=1615"}],"version-history":[{"count":6,"href":"https:\/\/fassgrill.com\/de\/wp-json\/wp\/v2\/pages\/1615\/revisions"}],"predecessor-version":[{"id":2582,"href":"https:\/\/fassgrill.com\/de\/wp-json\/wp\/v2\/pages\/1615\/revisions\/2582"}],"wp:featuredmedia":[{"embeddable":true,"href":"https:\/\/fassgrill.com\/de\/wp-json\/wp\/v2\/media\/1592"}],"wp:attachment":[{"href":"https:\/\/fassgrill.com\/de\/wp-json\/wp\/v2\/media?parent=1615"}],"curies":[{"name":"wp","href":"https:\/\/api.w.org\/{rel}","templated":true}]}}