{"id":1609,"date":"2022-11-29T17:15:09","date_gmt":"2022-11-29T16:15:09","guid":{"rendered":"https:\/\/fassgrill.com\/homepage\/"},"modified":"2025-03-31T20:45:58","modified_gmt":"2025-03-31T18:45:58","slug":"homepage","status":"publish","type":"page","link":"https:\/\/fassgrill.com\/de\/","title":{"rendered":"Deutsche Qualit\u00e4tslebensmittel in Spanien"},"content":{"rendered":"\r\n<div class=\"row hp-content\">\r\n<div class=\"col-xs-12 col-sm-12 col-md-6 col-lt\">\r\n<h3 class=\"title-border title-border-top\">Fass - Deutsche Qualit\u00e4t in Madrid\u00a0<\/h3>\r\n<br \/>\r\n<p><em><strong>Besuchen Sie auch unsere Lebensmittelgesch\u00e4fte in <a href=\"https:\/\/fassgrill.com\/de\/gourmet-lebensmittel\/\">Concha Espina<\/a>, <a href=\"https:\/\/fassgrill.com\/de\/shop-montecarmelo\/\">Montecarmelo<\/a> und <a href=\"https:\/\/fassgrill.com\/de\/shop-valencia\/\">Valencia<\/a> oder informieren Sie sich \u00fcber unseren <a href=\"https:\/\/fassgrill.com\/de\/catering-und-party-service\/\">Cateringservice<\/a> und unseren Service bei <a href=\"https:\/\/fassgrill.com\/de\/oktoberfest\/\">Bier-Grillfesten<\/a>.\u00a0<\/strong><\/em><\/p>\r\n<p>Wir sind sehr stolz darauf, heute eine der wichtigsten deutschen Gastronomieadressen in Spanien zu sein.<\/p>\r\n<p>Vor allem jedoch gibt uns die Zufriedenheit unserer G\u00e4ste Anlass zur Freude und ein gutes Gef\u00fchl. F\u00fcr Ihre Treue und Hilfe in dieser Zeit danken wir Ihnen sehr.<\/p>\r\n<p>Auf unserer Speisekarte finden Sie nicht nur die Klassiker, wie Eisbein (nach Geheimrezept gekocht) mit Sauerkraut, N\u00fcrnberger Rostbratw\u00fcrstchen, oder Currywurst.\u00a0 Sie finden auch leichte Gerichte, die der heutigen Tendenz der Essgewohnheiten, sowohl in Deutschland als auch in Spanien, nach vitaminreicher, frischer und gesunder Kost entsprechen.<\/p>\r\n<blockquote class=\"quote-border text-center\">\u00dcber 45 Jahre sind vergangen, seitdem Fass seine T\u00fcren zum ersten Mal im Jahre 1975 ge\u00f6ffnet hat. Heute, und mit derselben Freude wie am ersten Tag, versuchen wir bei Ihrem Besuch, Ihren Anspr\u00fcchen gerecht zu werden.<\/blockquote>\r\n<p>Fass stellt h\u00f6chste Anspr\u00fcche an die Qualit\u00e4t der Rohstoffe und deren Verarbeitung. Aus diesem Grunde werden heute noch unsere Fassw\u00fcrstchen (N\u00fcrnberger Art) im Hause von unseren Metzgern nur mit den besten Zutaten hergestellt. Auch unsere Lieferanten, die uns in den meisten F\u00e4llen seit Jahrzehnten beliefern, stellen sich den hohen Qualit\u00e4tsanspr\u00fcchen unseres Restaurants. Denn nur wer best\u00e4ndig und auf lange Sicht beste Qualit\u00e4t liefert, kann den strengen Vorgaben von Fass gen\u00fcgen.\u00a0<\/p>\r\n<p>Zur Selbstkontrolle werden regelm\u00e4ssig Stichproben aus dem Herstellungsprozess von unabh\u00e4ngigenFirmen genommen und mikrobiologisch und chemisch untersucht.\u00a0<\/p>\r\n<p>Unsere hohen Qualit\u00e4tsanspr\u00fcchesollen Ihnen dienen, denn IHRE ZUFRIEDENHEIT IST UNSER OBERSTES ZIEL. Vielen Dank f\u00fcr Ihre Treue !\u00a0<\/p>\r\n<p>Auch in unserem Lebensmittegesch\u00e4ft finden Sie hochwertige Lebensmittel der bekanntesten deutschen Fabrikanten, die Ihnen die M\u00f6glichkeit geben auch in Spanien ihre Lieblingsspeisen selbst vorzubereiten.<\/p>\r\n<p>Nachhaltigkeit im Fass. <a href=\"https:\/\/fassgrill.com\/de\/ein-kleiner-beitrag-nachhaltigkeit-im-fass\/\">Informiere dich hier!<\/a><\/p>\r\n<\/div>\r\n<div class=\"col-xs-12 col-sm-12 col-md-6 col-rt\"><img loading=\"lazy\" decoding=\"async\" class=\"alignnone wp-image-912 size-full\" src=\"https:\/\/fassgrill.com\/wp-content\/uploads\/2022\/11\/fass-restaurante-mesas-2-min.jpg\" alt=\"\" width=\"1080\" height=\"810\" srcset=\"https:\/\/fassgrill.com\/wp-content\/uploads\/2022\/11\/fass-restaurante-mesas-2-min.jpg 1080w, https:\/\/fassgrill.com\/wp-content\/uploads\/2022\/11\/fass-restaurante-mesas-2-min-300x225.jpg 300w, https:\/\/fassgrill.com\/wp-content\/uploads\/2022\/11\/fass-restaurante-mesas-2-min-1024x768.jpg 1024w, https:\/\/fassgrill.com\/wp-content\/uploads\/2022\/11\/fass-restaurante-mesas-2-min-768x576.jpg 768w, https:\/\/fassgrill.com\/wp-content\/uploads\/2022\/11\/fass-restaurante-mesas-2-min-510x382.jpg 510w, https:\/\/fassgrill.com\/wp-content\/uploads\/2022\/11\/fass-restaurante-mesas-2-min-980x735.jpg 980w, https:\/\/fassgrill.com\/wp-content\/uploads\/2022\/11\/fass-restaurante-mesas-2-min-480x360.jpg 480w\" sizes=\"auto, (max-width: 1080px) 100vw, 1080px\" \/><\/div>\r\n<div>\u00a0<\/div>\r\n<div class=\"col-xs-12 col-sm-12 col-md-6 col-rt\">\r\n<h3 class=\"title-border title-border-top\">\u00dcber uns<\/h3>\r\n<\/div>\r\n<\/div>\r\n\r\n\r\n\r\n<figure class=\"wp-block-video\"><video style=\"aspect-ratio: 854 \/ 480;\" src=\"https:\/\/fassgrill.com\/wp-content\/uploads\/2022\/12\/Telemadrid-baja.mp4\" controls=\"controls\" width=\"854\" height=\"480\"><\/video><\/figure>\r\n","protected":false},"excerpt":{"rendered":"<p>Fass - Deutsche Qualit\u00e4t in Madrid\u00a0 Besuchen Sie auch unsere Lebensmittelgesch\u00e4fte in Concha Espina, Montecarmelo und Valencia oder informieren Sie sich \u00fcber unseren Cateringservice und unseren Service bei Bier-Grillfesten.\u00a0 Wir sind sehr stolz darauf, heute eine der wichtigsten deutschen Gastronomieadressen in Spanien zu sein. Vor allem jedoch gibt uns die Zufriedenheit unserer G\u00e4ste Anlass zur &hellip; <\/p>\n<p class=\"link-more\"><a href=\"https:\/\/fassgrill.com\/de\/\" class=\"more-link\"><span class=\"screen-reader-text\"> prova \"Deutsche Qualit\u00e4tslebensmittel in Spanien\"<\/span><\/a><\/p>\n","protected":false},"author":1,"featured_media":0,"parent":0,"menu_order":0,"comment_status":"closed","ping_status":"closed","template":"page-templates\/page-homepage.php","meta":{"footnotes":""},"class_list":["post-1609","page","type-page","status-publish","hentry"],"aioseo_notices":[],"_links":{"self":[{"href":"https:\/\/fassgrill.com\/de\/wp-json\/wp\/v2\/pages\/1609","targetHints":{"allow":["GET"]}}],"collection":[{"href":"https:\/\/fassgrill.com\/de\/wp-json\/wp\/v2\/pages"}],"about":[{"href":"https:\/\/fassgrill.com\/de\/wp-json\/wp\/v2\/types\/page"}],"author":[{"embeddable":true,"href":"https:\/\/fassgrill.com\/de\/wp-json\/wp\/v2\/users\/1"}],"replies":[{"embeddable":true,"href":"https:\/\/fassgrill.com\/de\/wp-json\/wp\/v2\/comments?post=1609"}],"version-history":[{"count":22,"href":"https:\/\/fassgrill.com\/de\/wp-json\/wp\/v2\/pages\/1609\/revisions"}],"predecessor-version":[{"id":2267,"href":"https:\/\/fassgrill.com\/de\/wp-json\/wp\/v2\/pages\/1609\/revisions\/2267"}],"wp:attachment":[{"href":"https:\/\/fassgrill.com\/de\/wp-json\/wp\/v2\/media?parent=1609"}],"curies":[{"name":"wp","href":"https:\/\/api.w.org\/{rel}","templated":true}]}}