{"id":1608,"date":"2022-11-29T17:15:18","date_gmt":"2022-11-29T16:15:18","guid":{"rendered":"https:\/\/fassgrill.com\/contacto\/"},"modified":"2025-04-03T14:00:32","modified_gmt":"2025-04-03T12:00:32","slug":"kontakt","status":"publish","type":"page","link":"https:\/\/fassgrill.com\/de\/kontakt\/","title":{"rendered":"Kontakt"},"content":{"rendered":"\r\n<div class=\"wp-block-columns is-layout-flex wp-container-core-columns-is-layout-9d6595d7 wp-block-columns-is-layout-flex\">\r\n<div class=\"wp-block-column is-layout-flow wp-block-column-is-layout-flow\">\r\n<div class=\"grey\">\n<div class=\"wpcf7 no-js\" id=\"wpcf7-f1977-o1\" lang=\"de-DE\" dir=\"ltr\" data-wpcf7-id=\"1977\">\n<div class=\"screen-reader-response\"><p role=\"status\" aria-live=\"polite\" aria-atomic=\"true\"><\/p> <ul><\/ul><\/div>\n<form action=\"\/de\/wp-json\/wp\/v2\/pages\/1608#wpcf7-f1977-o1\" method=\"post\" class=\"wpcf7-form init\" aria-label=\"Kontaktformular\" novalidate=\"novalidate\" data-status=\"init\">\n<fieldset class=\"hidden-fields-container\"><input type=\"hidden\" name=\"_wpcf7\" value=\"1977\" \/><input type=\"hidden\" name=\"_wpcf7_version\" value=\"6.1.1\" \/><input type=\"hidden\" name=\"_wpcf7_locale\" value=\"de_DE\" \/><input type=\"hidden\" name=\"_wpcf7_unit_tag\" value=\"wpcf7-f1977-o1\" \/><input type=\"hidden\" name=\"_wpcf7_container_post\" value=\"0\" \/><input type=\"hidden\" name=\"_wpcf7_posted_data_hash\" value=\"\" \/><input type=\"hidden\" name=\"_wpcf7_recaptcha_response\" value=\"\" \/>\n<\/fieldset>\n<h4 style=\"padding-top:0;margin-top:0\">Kontaktieren Sie uns\n<\/h4>\n<p><label> <span class=\"wpcf7-form-control-wrap\" data-name=\"your-name\"><input size=\"40\" maxlength=\"400\" class=\"wpcf7-form-control wpcf7-text wpcf7-validates-as-required\" aria-required=\"true\" aria-invalid=\"false\" placeholder=\"Name*\" value=\"\" type=\"text\" name=\"your-name\" \/><\/span> <\/label>\n<\/p>\n<p><label> <span class=\"wpcf7-form-control-wrap\" data-name=\"your-phone\"><input size=\"40\" maxlength=\"400\" class=\"wpcf7-form-control wpcf7-tel wpcf7-validates-as-required wpcf7-text wpcf7-validates-as-tel\" aria-required=\"true\" aria-invalid=\"false\" placeholder=\"Telefonnummer\" value=\"\" type=\"tel\" name=\"your-phone\" \/><\/span> <\/label>\n<\/p>\n<p><label> <span class=\"wpcf7-form-control-wrap\" data-name=\"your-email\"><input size=\"40\" maxlength=\"400\" class=\"wpcf7-form-control wpcf7-email wpcf7-validates-as-required wpcf7-text wpcf7-validates-as-email\" aria-required=\"true\" aria-invalid=\"false\" placeholder=\"E-mail*\" value=\"\" type=\"email\" name=\"your-email\" \/><\/span> <\/label>\n<\/p>\n<p><label> <span class=\"wpcf7-form-control-wrap\" data-name=\"your-subject\"><input size=\"40\" maxlength=\"400\" class=\"wpcf7-form-control wpcf7-text wpcf7-validates-as-required\" aria-required=\"true\" aria-invalid=\"false\" placeholder=\"Betreff*\" value=\"\" type=\"text\" name=\"your-subject\" \/><\/span> <\/label>\n<\/p>\n<p><label> <span class=\"wpcf7-form-control-wrap\" data-name=\"your-message\"><textarea cols=\"40\" rows=\"10\" maxlength=\"2000\" class=\"wpcf7-form-control wpcf7-textarea wpcf7-validates-as-required\" aria-required=\"true\" aria-invalid=\"false\" placeholder=\"Ihre Nachricht*\" name=\"your-message\"><\/textarea><\/span> <\/label>\n<\/p>\n<p><label class=\"checkbox_formulario\"><span class=\"wpcf7-form-control-wrap\" data-name=\"avisolegal\"><span class=\"wpcf7-form-control wpcf7-checkbox wpcf7-validates-as-required avisolegal\"><span class=\"wpcf7-list-item first last\"><input type=\"checkbox\" name=\"avisolegal[]\" value=\"Ich stimme der Verarbeitung meiner Daten gem\u00e4\u00df ihrer Datenschutzerkl\u00e4rung zu.\" \/><span class=\"wpcf7-list-item-label\">Ich stimme der Verarbeitung meiner Daten gem\u00e4\u00df ihrer Datenschutzerkl\u00e4rung zu.<\/span><\/span><\/span><\/span><\/label>\n<\/p>\n<p><label class=\"checkbox_formulario\"><span class=\"wpcf7-form-control-wrap\" data-name=\"publicidad\"><span class=\"wpcf7-form-control wpcf7-acceptance optional\"><span class=\"wpcf7-list-item\"><label><input type=\"checkbox\" name=\"publicidad\" value=\"1\" class=\"publicidad\" aria-invalid=\"false\" \/><span class=\"wpcf7-list-item-label\">Ich bin damit einverstanden, kommerzielle Mitteilungen per Telefon, Post oder E-Mail oder zu erhalten.<\/span><\/label><\/span><\/span><\/span><\/label>\n<\/p>\n<p><input class=\"wpcf7-form-control wpcf7-submit has-spinner\" type=\"submit\" value=\"Senden\" \/>\n<\/p><p style=\"display: none !important;\" class=\"akismet-fields-container\" data-prefix=\"_wpcf7_ak_\"><label>&#916;<textarea name=\"_wpcf7_ak_hp_textarea\" cols=\"45\" rows=\"8\" maxlength=\"100\"><\/textarea><\/label><input type=\"hidden\" id=\"ak_js_1\" name=\"_wpcf7_ak_js\" value=\"211\"\/><script>document.getElementById( \"ak_js_1\" ).setAttribute( \"value\", ( new Date() ).getTime() );<\/script><\/p><div class=\"wpcf7-response-output\" aria-hidden=\"true\"><\/div>\n<\/form>\n<\/div>\n<\/div>\r\n<\/div>\r\n\r\n\r\n\r\n<div class=\"wp-block-column is-layout-flow wp-block-column-is-layout-flow\">\r\n<h4 class=\"wp-block-heading\">Restaurant<\/h4>\r\n\r\n\r\n\r\n<p><strong>C\/ Rodr\u00edguez Mar\u00edn, 84<\/strong><br \/>28002 | Madrid<\/p>\r\n\r\n\r\n\r\n<p><strong>Telefon:<\/strong> 915 637 447<\/p>\r\n<p>&nbsp;<\/p>\r\n<p>Montags bis Donnerstags von 12:00 bis 24:00 Uhr\u00a0<br \/>Freitags und Samstags von 12:00 bis 01:00 Uhr<br \/>Sonntags und an Feiertagen von 12:00 bis 24:00 Uhr<br \/>K\u00fcche durchgehend ge\u00f6ffnet von 12:00-23:30 Uhr<\/p>\r\n<p>\r\n\r\n<\/p>\r\n<hr class=\"wp-block-separator has-css-opacity\" \/>\r\n<p>\r\n\r\n<\/p>\r\n<h4 class=\"wp-block-heading\">Deutsche Qualit\u00e4tslebensmittel in Madrid\u00a0<\/h4>\r\n<p>\r\n\r\n<\/p>\r\n<p><strong>C\/ Rodr\u00edguez Mar\u00edn,\u00a084<\/strong> (direkt neben unserem Restaurant), 28002 | Madrid<\/p>\r\n<p>\r\n\r\n<\/p>\r\n<p><strong>Tel\u00e9fono:<\/strong> 915 637 447<br \/><em>Montags bis Freitags durchgehend ge\u00f6ffnet von 9<\/em>:00 - 20:00 Uhr<br \/>Samstags von 9:00 bis 15:00 Uhr<br \/>Sonntags und an Feiertagen - Ruhetage<\/p>\r\n<p>\r\n\r\n<\/p>\r\n<hr class=\"wp-block-separator has-css-opacity\" \/>\r\n<p>\r\n\r\n<\/p>\r\n<h4 class=\"wp-block-heading\">Bakery &amp; Caf\u00e9 Montecarmelo<\/h4>\r\n<p>\r\n\r\n<\/p>\r\n<p><strong>C\/ <strong>Avenida del Santuario de Valverde<\/strong>\u00a0<strong>29<\/strong><\/strong>,<strong>\u00a0<\/strong>Montecarmelo, Madrid<\/p>\r\n<p>\r\n\r\n<\/p>\r\n<p><strong>Telefon:<\/strong> 917 569 762<br \/><em>Montags bis Freitags von 7:45 a 20:00 Uhr\u00a0<\/em><br \/>Samstags, Sonntags und an Feiertagen von 9:00 bis 14:00 Uhr<\/p>\r\n<p>\r\n\r\n<\/p>\r\n<hr class=\"wp-block-separator has-css-opacity\" \/>\r\n<p>\r\n\r\n<\/p>\r\n<h4 class=\"wp-block-heading\">Bakery &amp; Caf\u00e9 Valencia\u00a0<\/h4>\r\n<p>\r\n\r\n<\/p>\r\n<p><strong><strong>Carrer del Batxiller, 10<\/strong><\/strong> 46010 Valencia<\/p>\r\n<p>\r\n\r\n<\/p>\r\n<p><strong>Tel\u00e9fono:<\/strong> 961 018 236<br \/><em>Montags bis Freitags von <\/em>8:00 - 21:00 Uhr<br \/>Samstags, Sonntags und an Feiertagen von 9:00 bis 14:00 Uhr<\/p>\r\n<p>\r\n\r\n<\/p>\r\n<hr class=\"wp-block-separator has-css-opacity\" \/>\r\n<p><\/p>\r\n<\/div>\r\n<\/div>\r\n","protected":false},"excerpt":{"rendered":"<p>Restaurant C\/ Rodr\u00edguez Mar\u00edn, 8428002 | Madrid Telefon: 915 637 447 &nbsp; Montags bis Donnerstags von 12:00 bis 24:00 Uhr\u00a0Freitags und Samstags von 12:00 bis 01:00 UhrSonntags und an Feiertagen von 12:00 bis 24:00 UhrK\u00fcche durchgehend ge\u00f6ffnet von 12:00-23:30 Uhr Deutsche Qualit\u00e4tslebensmittel in Madrid\u00a0 C\/ Rodr\u00edguez Mar\u00edn,\u00a084 (direkt neben unserem Restaurant), 28002 | Madrid Tel\u00e9fono: &hellip; <\/p>\n<p class=\"link-more\"><a href=\"https:\/\/fassgrill.com\/de\/kontakt\/\" class=\"more-link\"><span class=\"screen-reader-text\"> prova \"Kontakt\"<\/span><\/a><\/p>\n","protected":false},"author":1,"featured_media":1601,"parent":0,"menu_order":0,"comment_status":"closed","ping_status":"closed","template":"page-templates\/page-contactus.php","meta":{"footnotes":""},"class_list":["post-1608","page","type-page","status-publish","has-post-thumbnail","hentry"],"aioseo_notices":[],"_links":{"self":[{"href":"https:\/\/fassgrill.com\/de\/wp-json\/wp\/v2\/pages\/1608","targetHints":{"allow":["GET"]}}],"collection":[{"href":"https:\/\/fassgrill.com\/de\/wp-json\/wp\/v2\/pages"}],"about":[{"href":"https:\/\/fassgrill.com\/de\/wp-json\/wp\/v2\/types\/page"}],"author":[{"embeddable":true,"href":"https:\/\/fassgrill.com\/de\/wp-json\/wp\/v2\/users\/1"}],"replies":[{"embeddable":true,"href":"https:\/\/fassgrill.com\/de\/wp-json\/wp\/v2\/comments?post=1608"}],"version-history":[{"count":10,"href":"https:\/\/fassgrill.com\/de\/wp-json\/wp\/v2\/pages\/1608\/revisions"}],"predecessor-version":[{"id":2491,"href":"https:\/\/fassgrill.com\/de\/wp-json\/wp\/v2\/pages\/1608\/revisions\/2491"}],"wp:featuredmedia":[{"embeddable":true,"href":"https:\/\/fassgrill.com\/de\/wp-json\/wp\/v2\/media\/1601"}],"wp:attachment":[{"href":"https:\/\/fassgrill.com\/de\/wp-json\/wp\/v2\/media?parent=1608"}],"curies":[{"name":"wp","href":"https:\/\/api.w.org\/{rel}","templated":true}]}}